{"id":3,"date":"2020-08-17T05:21:08","date_gmt":"2020-08-17T05:21:08","guid":{"rendered":"https:\/\/myomnilife.com\/blog\/?page_id=3"},"modified":"2020-09-16T16:19:56","modified_gmt":"2020-09-16T16:19:56","slug":"myomnilife-privacy-policy","status":"publish","type":"page","link":"https:\/\/myomnilife.com\/blog\/myomnilife-privacy-policy\/","title":{"rendered":"Aviso de Privacidad"},"content":{"rendered":"\n<p>POLITICA DE PRIVACIDAD<\/p>\n\n\n\n<p id=\"privacidad\">En MyOmnilife.com entendemos lo importante que es su privacidad y siendo consecuentes con esta consideraci\u00f3n, tenemos el compromiso de respetar y proteger la confidencialidad de su informaci\u00f3n privada y datos personales.<\/p>\n\n\n\n<p>Omnilife con domicilio en San Antonio, Texas, EE. UU. le comunica que es el responsable del uso y protecci\u00f3n de sus datos personales recabados en l\u00ednea y al respecto le informamos lo siguiente.<\/p>\n\n\n\n<p>\u00bf PARA QU\u00c9 FINES UTILIZAREMOS SUS DATOS PERSONALES?<\/p>\n\n\n\n<p>Para mejorar su experiencia y brindarle una atenci\u00f3n de calidad, utilizaremos su informaci\u00f3n personal para las siguientes finalidades principales, seg\u00fan se requiera.<\/p>\n\n\n\n<p>CLIENTES<\/p>\n\n\n\n<p>I.- Fines de identificaci\u00f3n<\/p>\n\n\n\n<p>II.- Para asesorale en sus compras y dar seguimientos a sus pedidos de productos y\/o servicios adquiridos.<\/p>\n\n\n\n<p>III.- Asesorarlo en la participaci\u00f3n en bonos \/ incentivos\/ programas de recompensas originadas de sus compras<\/p>\n\n\n\n<p>IV.- Procesar sus compras y dar seguimientos a sus pedidos de productos y\/o servicios adquiridos.<\/p>\n\n\n\n<p>V.- Brindarles asesor\u00eda y medios para el desarrollo del esquema de negocio.<\/p>\n\n\n\n<p>VI.- de participaci\u00f3n en bonos y\/o incentivos<\/p>\n\n\n\n<p>VII.- En caso de ingresar al plan de ventas y mercado, asesorarlos en la obtenci\u00f3n delos respectivos bonos, reembolsos y\/o premios.<\/p>\n\n\n\n<p>VIII.- De participaci\u00f3n en campa\u00f1as, para las cu\u00e1les se podr\u00e1n publicar sus fotograf\u00edas y\/o comentarios compartidos&nbsp; (en cada campa\u00f1a se especificar\u00e1n las bases de participaci\u00f3n y privacidad de su informaci\u00f3n)<\/p>\n\n\n\n<p>IX. Calificar su experiencia como distribuidor.<\/p>\n\n\n\n<p>X: Dar seguimientos a sus consultas, quejas y\/o sugerencias.<\/p>\n\n\n\n<p>A los clientes y distribuidores les informamos que sus datos podr\u00e1n ser utilizados adicionalmente para las siguientes finalidades.<\/p>\n\n\n\n<p>Fines estad\u00edsticos.<\/p>\n\n\n\n<p>Para prop\u00f3sitos de an\u00e1lisis de mercado<\/p>\n\n\n\n<p>Fines publicitarios y comerciales, para dar a conocer los productos, servicios, promociones y\/o eventos de Omnilife, S.A. de C.V .<\/p>\n\n\n\n<p>Datos recabados v\u00eda telef\u00f3nica:<\/p>\n\n\n\n<p>Los datos personales recabados a trav\u00e9s de nuestro centro de atenci\u00f3n telef\u00f3nica se regir\u00e1n bajo los mismos criterios de la presente pol\u00edtica. Las grabaciones de audio, en su caso, son resguardadas con estrictos controles de seguridad.&nbsp; Los datos compartidos por v\u00eda telef\u00f3nica son responsabilidad de quien los comunica.<\/p>\n\n\n\n<p>Redes Sociales:<\/p>\n\n\n\n<p>Las redes sociales constituyen una herramienta de comunicaci\u00f3n entre plataformas digitales, tales como WhatsApp, Facebook, Twitter y muchas m\u00e1s de los distintos usuarios y MyOmnilife.com, sin embargo, la informaci\u00f3n proporcionada dentro de redes sociales no constituye parte de los datos personales sujetos a la protecci\u00f3n del presente aviso, para conocer dicho tratamiento, favor de verificar la pol\u00edtica de privacidad correspondiente al proveedor del servicio.<\/p>\n\n\n\n<p>\u00bfQU\u00c9 DATOS PERSONALES UTILIZAREMOS PARA ESTOS FINES?<\/p>\n\n\n\n<p>Para llevar a cabo las finalidades antes citadas, utilizaremos las siguientes categor\u00edas de datos personales seg\u00fan sea necesario.<\/p>\n\n\n\n<ul class=\"wp-block-list\"><li>Datos de Contacto<\/li><li>Datos de identificaci\u00f3n personal.<\/li><li>Datos de identificaci\u00f3n fiscal\/ Tributaria<\/li><li>Datos bancarios (MyOmnilife.com no registra sus contrase\u00f1as bancarias en ninguna base de datos )<\/li><\/ul>\n\n\n\n<p>De ser necesario recabar otros datos de su parte o utilizarlos para otras finalidades distintas a la aqu\u00ed establecidas, nos pondremos en contacto con usted para obtener su consentimiento. El suministro de los datos personales de menores de edad es facultativo y debe realizarse con autorizaci\u00f3n de los padres de familia o representantes legales del menor.<\/p>\n\n\n\n<p>Los datos personales facilitados se almacenar\u00e1n en los bancos de datos que forman parte del sistema de informaci\u00f3n de MyOmnilife.com y ser\u00e1n tratados para poder llevar a cabo las finalidades expuestas anteriormente seg\u00fan lo solicitado y autorizado por su parte.<\/p>\n\n\n\n<p>\u00bfCON QUI\u00c9N COMPARTIMOS SU INFORMACI\u00d3N PERSONAL Y PARA QU\u00c9 FINES ?<\/p>\n\n\n\n<p>Le informamos que sus datos personales pueden ser compartidos con empresas y asociaciones controladoras subsidiarias filiales y\/o afiliadas de Omnilife, S.A.de C.V. (Omnilife), esto para dar cumplimiento a los fines antes mencionados. Adem\u00e1s de lo anterior, MyOmnilife.com podr\u00e1 compartir algunos o todos sus datos personales con autoridades competentes en los casos legalmente previstos.<\/p>\n\n\n\n<p>Al momento de ingresar sus datos en alguno de los distintos formularios en l\u00ednea usted autoriza que los mismos sean transferidos al pa\u00eds de Estados Unidos de Am\u00e9rica, centro de nuestras operaciones de negocio, donde de ser necesario, se redirigir\u00e1n a su pa\u00eds de origen para cumplir con las finalidades se\u00f1aladas. En todo momento, la informaci\u00f3n ser\u00e1 tratada y protegida bajo estrictos procesos de seguridad y privacidad con alta calidad y confidencialidad, con pleno apego a lo dispuesto por la legislaci\u00f3n nacional.<\/p>\n\n\n\n<p>En el momento que recabamos su informaci\u00f3n personal, usted tendr\u00e1 la opci\u00f3n de aceptar o rechazar la transferencia de informaci\u00f3n para dichos prop\u00f3sitos de mercadeo.<\/p>\n\n\n\n<p>MyOmnilife.com toma medidas razonables para asegurarse que la informaci\u00f3n sea manejada de manera confidencial y para los prop\u00f3sitos para los cuales fue compartida sin embargo .<\/p>\n\n\n\n<p>En caso de estar inscrito como distribuidor le informamos que la informaci\u00f3n relativa a sus estad\u00edsticas de compra y venta son compartidas con su presentador lo cual fue establecido en el respectivo contrato lo anterior para brindar los medios necesarios en el desarrollo del esquema de negocio de cada distribuidor. Dicha informaci\u00f3n se considera confidencial y cada distribuidor se obliga a cumplir con lo dispuesto en las leyes aplicables.<\/p>\n\n\n\n<p>Podr\u00edamos emplear intermediarios para desempe\u00f1ar funciones de parte nuestra. Ejemplos de dichas funciones incluyen env\u00edo de pedidos, procesamiento de pagos por tarjetas de cr\u00e9dito\/ d\u00e9bito, servicio al cliente y an\u00e1lisis de mercado. Estos intermediarios se encuentran bajo obligaci\u00f3n de contrato para usar los datos confidenciales que reciban de Omnilife \u00fanicamente para los prop\u00f3sitos que quepan dentro de las funciones para los cuales sean contratados.<\/p>\n\n\n\n<p>\u00bf C\u00d3MO PUEDE ACCEDER, RECTIFICAR O CANCELAR SUS DATOS PERSONALES U OPONERSE A SU USO?<\/p>\n\n\n\n<p>MyOmnilife.com ha designado como responsable de la custodia, control y gesti\u00f3n de sus datos al Departamento de Protecci\u00f3n de Datos Personales, qui\u00e9n realizar\u00e1 acciones para garantizar y salvaguardar sus derechos, as\u00ed como para velar por el cumplimiento de los principios de protecci\u00f3n de datos personales establecidos por las leyes aplicables.<\/p>\n\n\n\n<p>Usted tiene derecho a conocer qu\u00e9 datos personales tenemos de usted, para que los utilizamos y las condiciones del uso que les damos (Acceso). As\u00ed mismo es su derecho solicitar la correcci\u00f3n de su informaci\u00f3n personal en caso de que est\u00e9 desactualizada sea inexacta o incompleta (Rectificaci\u00f3n) que la eliminemos de nuestros registros o base de datos cuando considere que la misma no esta siendo utilizada adecuadamente (Cancelaci\u00f3n) as\u00ed como oponerse al uso de sus datos personales para los fines espec\u00edficos (Oposici\u00f3n). Estos derechos los denominamos derechos ARCO.<\/p>\n\n\n\n<p>Para el ejercicio de cualquiera de los derechos \u201cARCO\u201d favor de seguir las instrucciones detalladas a continuaci\u00f3n:<\/p>\n\n\n\n<p>1.- El titular de la informaci\u00f3n deber\u00e1 dar click en el siguiente enlace para bajar el documento \u201cSolicitud de Derechos ARCO\u201d.<\/p>\n\n\n\n<p>https:\/\/www.omnilife.com\/wp-content\/uploaps\/2015\/solicitud-de-derechos-ARCO-Grupo-Omnilife-VO7.12.15 pdf<\/p>\n\n\n\n<p>2.- Favor de imprimir y llenar los campos que all\u00ed se especifican<\/p>\n\n\n\n<p>3.- Una vez hecho este procedimiento, escanear y enviar la solicitud privacidad@myomnilife.com (mailito:privacidad@myomnilife.com)<\/p>\n\n\n\n<p>Para poder dar respuesta a su solicitud, el escrito deber\u00e1 ir acompa\u00f1ado por copia de una identificaci\u00f3n oficial del titular de la informaci\u00f3n o en su caso carta poder del representante legal, as\u00ed como cualquier otro documento relacionado a la petici\u00f3n. Los tiempos de respuesta ser\u00e1n acordes a los estipulados en la Ley.<\/p>\n\n\n\n<p>USTED PUEDE REVOCAR SU CONSENTIMIENTO PARA EL USO DE SUS DATOS PERSONALES Y LIMITAR EL USO O DIVULGACI\u00d3N DE SU INFORMACI\u00d3N PERSONAL.<\/p>\n\n\n\n<p>Usted puede revocar el consentimiento que, en su caso, nos haya otorgado para el tratamiento de sus datos personales. Sin embargo, es importante que tenga en cuenta que no en todos los casos podremos atender su solicitud o concluir el uso de forma inmediata ya que es posible que por alguna obligaci\u00f3n legal requiramos seguir tratando sus datos personales. Asimismo, usted deber\u00e1 considerar que, para ciertos fines, la revocaci\u00f3n de su consentimiento implicara que no le podamos seguir prestando el servicio que nos solicit\u00f3 o la conclusi\u00f3n de su relaci\u00f3n con nosotros.<\/p>\n\n\n\n<p>Con objeto de que pueda limitar el uso y divulgaci\u00f3n de su informaci\u00f3n personal, le ofrecemos el registro en el listado de exclusi\u00f3n a fin de que sus datos personales no sean tratados para fines mercadot\u00e9cnicos, publicitarios, o de prospecci\u00f3n comercial por nuestra parte o revocar su consentimiento.<\/p>\n\n\n\n<p>Usted deber\u00e1 presentar su \u201cSolicitud de Derechos Arco\u201d mencionada en el apartado anterior, a trav\u00e9s del siguiente correo electr\u00f3nico. privacidad@myomnilife.com, mailito: privacidad@myomnilife.com)<\/p>\n\n\n\n<p>EL USO DE TECNOLOG\u00cdAS DE RASTREO EN NUESTRO PORTAL DE INTERNET<\/p>\n\n\n\n<p>Le informamos que en nuestra p\u00e1gina de internet utilizamos cookies web beacons u otras tecnolog\u00edas a trav\u00e9s de las cu\u00e1les es posible monitorear su comportamiento como usuario de internet, as\u00ed como brindarles un mejor servicio y experiencia al navegar en nuestra p\u00e1gina. Los datos personales que recabamos a trav\u00e9s de estas tecnolog\u00edas, los utilizaremos para los siguientes fines:<\/p>\n\n\n\n<ul class=\"wp-block-list\"><li>An\u00e1lisis y estad\u00edsticas<\/li><\/ul>\n\n\n\n<ul class=\"wp-block-list\"><li>Para proveer servicios y productos de acuerdo con sus intereses<\/li><\/ul>\n\n\n\n<ul class=\"wp-block-list\"><li>Fines publicitarios.<\/li><\/ul>\n\n\n\n<p>Los datos personales que obtenemos de estas tecnolog\u00edas de rastreo son las siguientes:<\/p>\n\n\n\n<ul class=\"wp-block-list\"><li>Identificadores, nombre de usuario y contrase\u00f1as de una sesi\u00f3n<\/li><\/ul>\n\n\n\n<ul class=\"wp-block-list\"><li>Idioma preferido por el usuario<\/li><\/ul>\n\n\n\n<ul class=\"wp-block-list\"><li>Regi\u00f3n en la que se encuentra el usuario<\/li><\/ul>\n\n\n\n<ul class=\"wp-block-list\"><li>B\u00fasquedas realizadas por un usuario<\/li><\/ul>\n\n\n\n<ul class=\"wp-block-list\"><li>Publicidad revisada por un usuario<\/li><\/ul>\n\n\n\n<ul class=\"wp-block-list\"><li>Listas y h\u00e1bitos de consumo en p\u00e1ginas de compras<\/li><\/ul>\n\n\n\n<p>Para conocer la forma en que se pueden deshabilitar estas tecnolog\u00edas, consulte con su proveedor de navegaci\u00f3n web o comun\u00edquese a las l\u00edneas de atenci\u00f3n telef\u00f3nica CREO de Omnilife.<\/p>\n\n\n\n<p>SEGURIDAD Y CUIDADO DE SUS DATOS PERSONALES<\/p>\n\n\n\n<p>En MyOmnilife.com utilizamos pr\u00e1cticas est\u00e1ndares de seguridad en la industria, as\u00ed como medida con el fin de evitar p\u00e9rdida mal uso acceso no autorizado divulgaci\u00f3n o alteraci\u00f3n de la informaci\u00f3n: No guardamos datos personales m\u00e1s de lo necesario para cumplir con el fin por el cual dichos datos fueron recabados, a menos que por razones contractuales, legales o regulatorias, se requiera que la informaci\u00f3n personal sea eliminada por per\u00edodos de tiempo determinados.<\/p>\n\n\n\n<p>No obstante, lo anterior MyOmnilife.com no ser\u00e1 responsable por ataques inform\u00e1ticos y en general cualquier acci\u00f3n que tenga como objetivo infringir las medidas de seguridad establecidas para la protecci\u00f3n de los datos personales e informaci\u00f3n diferente a estos contenida en sus equipos inform\u00e1ticos o en aquellos contratados con terceros en caso de que esto suceda MyOmnilife.com se lo informar\u00e1 oportunamente para que usted pueda tomar las medidas cautelares respectivas.<\/p>\n\n\n\n<p>\u00bfC\u00d3MO PUEDE CONOCER LOS CAMBIOS EN NUESTRA POL\u00cdTICA DE PRIVACIDAD?<\/p>\n\n\n\n<p>Nuestra pol\u00edtica de privacidad puede sufrir modificaciones cambios o actualizaciones derivadas de nuevos requerimientos legales, de nuestras propias necesidades por los productos o servicios que ofrecemos de nuestras pr\u00e1cticas de privacidad de cambios en nuestro modelo de negocio o por otras causas.<\/p>\n\n\n\n<p>Nos comprometemos a mantenerlo informado sobre estos cambios los cuales se publicar\u00e1n a trav\u00e9s del sitio web oficial de MyOmnilife.com correspondiente a su pa\u00eds en su apartado denominado Pol\u00edtica de Privacidad o en caso de ser necesario se lo comunicaremos por cualquiera de los medios de contacto que nos haya proporcionado.<\/p>\n\n\n\n<p>Fecha de actualizaci\u00f3n 18 de agosto de 2020<\/p>\n\n\n\n<p>CONT\u00c1CTENOS<\/p>\n\n\n\n<p>Si usted tiene preguntas o preocupaciones con respeto a su privacidad por favor p\u00f3ngase en contacto con nosotros a trav\u00e9s de privacidad@myomnilife.com, mailito: privacidad@omniwoww.com) o comunic\u00e1ndose a nuestra l\u00ednea de atenci\u00f3n telef\u00f3nica correspondiente donde ser\u00e1 un placer atenderlo.<\/p>\n\n\n\n<p>Los t\u00e9rminos aqu\u00ed utilizados son gen\u00e9ricos los mismos pueden variar dependiendo del pa\u00eds y la relaci\u00f3n que usted mantenga con MyOmnilife.com. La presente pol\u00edtica de privacidad no establece los t\u00e9rminos utilizados en nuestro esquema de negocio.<\/p>\n\n\n\n<p>El responsable de la protecci\u00f3n y tratamientos de sus datos personales capturados en internet y v\u00eda telef\u00f3nica es MyOmnilife.com sociedad localizada en el pa\u00eds de Estados Unidos de Am\u00e9rica y estos datos personales se rigen bajo los mismos principios, medidas de seguridad y confidencialidad que se establecen en la presente pol\u00edtica de privacidad por lo que puede tener la tranquilidad de que su informaci\u00f3n estar\u00e1 debidamente resguardada.<\/p>\n\n\n\n<p>MyOmnilife.com \u00a9 Agosto de 2020.<\/p>\n","protected":false},"excerpt":{"rendered":"<p>POLITICA DE PRIVACIDAD En MyOmnilife.com entendemos lo importante que es su privacidad y siendo consecuentes con esta consideraci\u00f3n, tenemos el compromiso de respetar y proteger la confidencialidad de su informaci\u00f3n privada y datos personales. Omnilife con domicilio en San Antonio, Texas, EE. UU. le comunica que es el responsable del<\/p>\n","protected":false},"author":1,"featured_media":0,"parent":0,"menu_order":0,"comment_status":"closed","ping_status":"open","template":"","meta":{"footnotes":""},"class_list":["post-3","page","type-page","status-publish","hentry"],"yoast_head":"<!-- This site is optimized with the Yoast SEO Premium plugin v14.8 - https:\/\/yoast.com\/wordpress\/plugins\/seo\/ -->\n<title>Aviso de Privacidad - MyOmnilife.com \/Blog<\/title>\n<meta name=\"description\" content=\"Nuestra pol\u00edtica de privacidad le ayuda a entender como podemos utilizar los datos personales que comparte con nosotros y sus opciones.\" \/>\n<meta name=\"robots\" content=\"index, follow\" \/>\n<meta name=\"googlebot\" content=\"index, follow, max-snippet:-1, max-image-preview:large, max-video-preview:-1\" \/>\n<meta name=\"bingbot\" content=\"index, follow, max-snippet:-1, max-image-preview:large, max-video-preview:-1\" \/>\n<link rel=\"canonical\" href=\"https:\/\/myomnilife.com\/blog\/myomnilife-privacy-policy\/\" \/>\n<meta property=\"og:locale\" content=\"en_US\" \/>\n<meta property=\"og:type\" content=\"article\" \/>\n<meta property=\"og:title\" content=\"Aviso de Privacidad - MyOmnilife.com \/Blog\" \/>\n<meta property=\"og:description\" content=\"Nuestra pol\u00edtica de privacidad le ayuda a entender como podemos utilizar los datos personales que comparte con nosotros y sus opciones.\" \/>\n<meta property=\"og:url\" content=\"https:\/\/myomnilife.com\/blog\/myomnilife-privacy-policy\/\" \/>\n<meta property=\"og:site_name\" content=\"MyOmnilife.com \/Blog\" \/>\n<meta property=\"article:publisher\" content=\"https:\/\/www.facebook.com\/myomnilifecom\" \/>\n<meta property=\"article:modified_time\" content=\"2020-09-16T16:19:56+00:00\" \/>\n<meta name=\"twitter:card\" content=\"summary_large_image\" \/>\n<meta name=\"twitter:creator\" content=\"@realMyOmnilife\" \/>\n<meta name=\"twitter:site\" content=\"@realMyOmnilife\" \/>\n<script type=\"application\/ld+json\" class=\"yoast-schema-graph\">{\"@context\":\"https:\/\/schema.org\",\"@graph\":[{\"@type\":\"Organization\",\"@id\":\"https:\/\/myomnilife.com\/blog\/#organization\",\"name\":\"MyOmnilife\",\"url\":\"https:\/\/myomnilife.com\/blog\/\",\"sameAs\":[\"https:\/\/www.facebook.com\/myomnilifecom\",\"https:\/\/www.instagram.com\/realmyomnilife\/\",\"https:\/\/www.pinterest.com\/realmyomnilife\/\",\"https:\/\/twitter.com\/realMyOmnilife\"],\"logo\":{\"@type\":\"ImageObject\",\"@id\":\"https:\/\/myomnilife.com\/blog\/#logo\",\"inLanguage\":\"en-US\",\"url\":\"https:\/\/myomnilife.com\/blog\/wp-content\/uploads\/2020\/08\/myomnilife_logo_site.png\",\"width\":1461,\"height\":293,\"caption\":\"MyOmnilife\"},\"image\":{\"@id\":\"https:\/\/myomnilife.com\/blog\/#logo\"}},{\"@type\":\"WebSite\",\"@id\":\"https:\/\/myomnilife.com\/blog\/#website\",\"url\":\"https:\/\/myomnilife.com\/blog\/\",\"name\":\"MyOmnilife\",\"description\":\"Salud y Prosperidad\",\"publisher\":{\"@id\":\"https:\/\/myomnilife.com\/blog\/#organization\"},\"potentialAction\":[{\"@type\":\"SearchAction\",\"target\":\"https:\/\/myomnilife.com\/blog\/?s={search_term_string}\",\"query-input\":\"required name=search_term_string\"}],\"inLanguage\":\"en-US\"},{\"@type\":\"WebPage\",\"@id\":\"https:\/\/myomnilife.com\/blog\/myomnilife-privacy-policy\/#webpage\",\"url\":\"https:\/\/myomnilife.com\/blog\/myomnilife-privacy-policy\/\",\"name\":\"Aviso de Privacidad - MyOmnilife.com \/Blog\",\"isPartOf\":{\"@id\":\"https:\/\/myomnilife.com\/blog\/#website\"},\"datePublished\":\"2020-08-17T05:21:08+00:00\",\"dateModified\":\"2020-09-16T16:19:56+00:00\",\"description\":\"Nuestra pol\\u00edtica de privacidad le ayuda a entender como podemos utilizar los datos personales que comparte con nosotros y sus opciones.\",\"breadcrumb\":{\"@id\":\"https:\/\/myomnilife.com\/blog\/myomnilife-privacy-policy\/#breadcrumb\"},\"inLanguage\":\"en-US\",\"potentialAction\":[{\"@type\":\"ReadAction\",\"target\":[\"https:\/\/myomnilife.com\/blog\/myomnilife-privacy-policy\/\"]}]},{\"@type\":\"BreadcrumbList\",\"@id\":\"https:\/\/myomnilife.com\/blog\/myomnilife-privacy-policy\/#breadcrumb\",\"itemListElement\":[{\"@type\":\"ListItem\",\"position\":1,\"item\":{\"@type\":\"WebPage\",\"@id\":\"https:\/\/myomnilife.com\/blog\/\",\"url\":\"https:\/\/myomnilife.com\/blog\/\",\"name\":\"Home\"}},{\"@type\":\"ListItem\",\"position\":2,\"item\":{\"@type\":\"WebPage\",\"@id\":\"https:\/\/myomnilife.com\/blog\/myomnilife-privacy-policy\/\",\"url\":\"https:\/\/myomnilife.com\/blog\/myomnilife-privacy-policy\/\",\"name\":\"Aviso de Privacidad\"}}]}]}<\/script>\n<!-- \/ Yoast SEO Premium plugin. -->","_links":{"self":[{"href":"https:\/\/myomnilife.com\/blog\/wp-json\/wp\/v2\/pages\/3","targetHints":{"allow":["GET"]}}],"collection":[{"href":"https:\/\/myomnilife.com\/blog\/wp-json\/wp\/v2\/pages"}],"about":[{"href":"https:\/\/myomnilife.com\/blog\/wp-json\/wp\/v2\/types\/page"}],"author":[{"embeddable":true,"href":"https:\/\/myomnilife.com\/blog\/wp-json\/wp\/v2\/users\/1"}],"replies":[{"embeddable":true,"href":"https:\/\/myomnilife.com\/blog\/wp-json\/wp\/v2\/comments?post=3"}],"version-history":[{"count":3,"href":"https:\/\/myomnilife.com\/blog\/wp-json\/wp\/v2\/pages\/3\/revisions"}],"predecessor-version":[{"id":372,"href":"https:\/\/myomnilife.com\/blog\/wp-json\/wp\/v2\/pages\/3\/revisions\/372"}],"wp:attachment":[{"href":"https:\/\/myomnilife.com\/blog\/wp-json\/wp\/v2\/media?parent=3"}],"curies":[{"name":"wp","href":"https:\/\/api.w.org\/{rel}","templated":true}]}}