{"id":2,"date":"2020-08-17T05:21:08","date_gmt":"2020-08-17T05:21:08","guid":{"rendered":"https:\/\/myomnilife.com\/blog\/?page_id=2"},"modified":"2020-08-29T07:01:00","modified_gmt":"2020-08-29T07:01:00","slug":"fortalece-tu-sistema-inmune","status":"publish","type":"page","link":"https:\/\/myomnilife.com\/blog\/fortalece-tu-sistema-inmune\/","title":{"rendered":"Fortalece Tu Sistema Inmune"},"content":{"rendered":"\n<p>Tu sistema inmunitario est\u00e1 constantemente activo, tratando de identificar las c\u00e9lulas qu\u00e9 pertenecen a tu cuerpo y cu\u00e1les no. Pero el sistema de defensa a veces falla y alg\u00fan germen, bacteria o virus invade con \u00e9xito tu cuerpo y te enferma. Esto significa que el sistema inmunitario necesita una dosis saludable de vitaminas y minerales para mantener su energ\u00eda en funcionamiento.<\/p>\n\n\n\n<p>\u00bfC\u00f3mo puedes mejorar tu sistema inmunol\u00f3gico para ayudar a defender tu cuerpo contra los microorganismos que causan enfermedades?<\/p>\n\n\n\n<p><\/p>\n\n\n\n<blockquote class=\"wp-block-quote is-layout-flow wp-block-quote-is-layout-flow\"><p>&#8220;Seg\u00fan la neurociencia, dormir temprano eleva la inmunidad. La gente se mantiene despierta&nbsp; hasta muy altas horas de la noche, y eso sumado a la humedad, el fr\u00edo, el comer demasiado en la noche, predispone a que bajen las defensas del cuerpo&#8221;<\/p><cite><em>&#8211; Dr. Jose Luis Perez Albela<\/em><\/cite><\/blockquote>\n\n\n\n<p>El conocido Dr. Jose Luis Perez Albela resalta la importancia que tienen ciertos alimentos y h\u00e1bitos sanos para fortalecer el sistema inmunol\u00f3gico ante varios males y menciona que una dieta recomendable a seguir es consumiendo alimentos como la cebolla, el ajo, el lim\u00f3n, la c\u00farcuma, el romero, el tomillo. Los hongos: el shiitake, el hongo chino, el tonku. As\u00ed tambi\u00e9n destaca que &#8220;una comida sin cereales es una fiesta sin m\u00fasica&#8221;. Si te faltan los cereales bajas las defensas, los m\u00e1s saludables a consumir son la avena y la quinua. Tambi\u00e9n recomienda incluir en la dieta diaria frutas y verduras.<\/p>\n\n\n\n<p>No debemos ignorar la importancia ligada al dormir con nuestra capacidad de mantenernos saludables, nos recuerda el Dr. Perez Albela, &#8220;Seg\u00fan la neurociencia, dormir temprano eleva la inmunidad. La gente se mantiene despierta&nbsp; hasta muy altas horas de la noche, y eso sumado a la humedad, el fr\u00edo, el comer demasiado en la noche, predispone a que bajen las defensas del cuerpo.&#8221;<\/p>\n\n\n\n<p>Otro elemento importante para estimular el sistema inmunol\u00f3gico y aumentar las defensas, es mantener los niveles \u00f3ptimos de vitamina D la cual es proporcionada por algunos alimentos y por la exposici\u00f3n a los rayos del sol en forma moderada. Los bajos niveles de vitamina D se asocian con un aumento de las enfermedades infecciosas, en particular las enfermedades respiratorias como la gripe y la neumon\u00eda. Por el contrario, unos niveles adecuados de vitamina D se asocian con una mejora del sistema inmunol\u00f3gico y una disminuci\u00f3n de las infecciones virales y bacterianas.<\/p>\n\n\n\n<p>No se olvide de hacer tiempo para una actividad f\u00edsica diaria, m\u00ednimo 30 minutos. Esto le ayudar\u00e1 a reducir el estr\u00e9s y en conjunto con las otras medidas ayuda a mantener alto su sistema inmune.<\/p>\n\n\n\n<p>Nuestras vidas agitadas pueden hacer muy dif\u00edcil seguir estas recomendaciones. Por ello recomendemos complementar su nutrici\u00f3n con nuestro sistema de nutrici\u00f3n enfocado en reforzar su sistema inmune. Este incluye los siguientes productos: OML Supreme, UZO Supreme y One C Mix.<\/p>\n\n\n\n<div class=\"wp-block-group\"><div class=\"wp-block-group__inner-container is-layout-flow wp-block-group-is-layout-flow\">\n<div class=\"wp-block-group\"><div class=\"wp-block-group__inner-container is-layout-flow wp-block-group-is-layout-flow\">\n<div class=\"wp-block-group\"><div class=\"wp-block-group__inner-container is-layout-flow wp-block-group-is-layout-flow\">\n<div class=\"wp-block-media-text alignwide has-media-on-the-right\" style=\"grid-template-columns:auto 35%\" id=\"OML-Plus-Supreme\"><figure class=\"wp-block-media-text__media\"><img loading=\"lazy\" decoding=\"async\" width=\"400\" height=\"400\" src=\"https:\/\/myomnilife.com\/blog\/wp-content\/uploads\/2020\/08\/oml_plus_supreme_naranja_box_sm.png\" alt=\"OML Plus Supreme\" class=\"wp-image-84\" srcset=\"https:\/\/myomnilife.com\/blog\/wp-content\/uploads\/2020\/08\/oml_plus_supreme_naranja_box_sm.png 400w, https:\/\/myomnilife.com\/blog\/wp-content\/uploads\/2020\/08\/oml_plus_supreme_naranja_box_sm-300x300.png 300w, https:\/\/myomnilife.com\/blog\/wp-content\/uploads\/2020\/08\/oml_plus_supreme_naranja_box_sm-150x150.png 150w\" sizes=\"auto, (max-width: 400px) 100vw, 400px\" \/><\/figure><div class=\"wp-block-media-text__content\">\n<p class=\"has-small-font-size\"><strong>OML Plus:<\/strong> Producto nutricional sabor naranja, con vitaminas y minerales de f\u00e1cil absorci\u00f3n y extractos herbales aporta beneficios nutricionales.<\/p>\n<\/div><\/div>\n\n\n\n<div class=\"wp-block-media-text alignwide\" style=\"grid-template-columns:31% auto\" id=\"Uzo-Supreme\"><figure class=\"wp-block-media-text__media\"><img loading=\"lazy\" decoding=\"async\" width=\"400\" height=\"400\" src=\"https:\/\/myomnilife.com\/blog\/wp-content\/uploads\/2020\/08\/uzosupreme.png\" alt=\"UZO Supreme\" class=\"wp-image-80\" srcset=\"https:\/\/myomnilife.com\/blog\/wp-content\/uploads\/2020\/08\/uzosupreme.png 400w, https:\/\/myomnilife.com\/blog\/wp-content\/uploads\/2020\/08\/uzosupreme-300x300.png 300w, https:\/\/myomnilife.com\/blog\/wp-content\/uploads\/2020\/08\/uzosupreme-150x150.png 150w\" sizes=\"auto, (max-width: 400px) 100vw, 400px\" \/><\/figure><div class=\"wp-block-media-text__content\">\n<p class=\"has-small-font-size\"><strong>UZO Supreme:<\/strong> Producto nutricional sabor vainilla francesa, con salvado de arroz y selenio, que colabora a la activaci\u00f3n de las c\u00e9lulas naturales que eliminan a c\u00e9lulas anormales.<\/p>\n<\/div><\/div>\n\n\n\n<div class=\"wp-block-media-text alignwide has-media-on-the-right is-vertically-aligned-center\" style=\"grid-template-columns:auto 30%\" id=\"One-C-Mix\"><figure class=\"wp-block-media-text__media\"><img loading=\"lazy\" decoding=\"async\" width=\"400\" height=\"400\" src=\"https:\/\/myomnilife.com\/blog\/wp-content\/uploads\/2020\/08\/one_c_mix_box_sm.png\" alt=\"One C Mix\" class=\"wp-image-86\" srcset=\"https:\/\/myomnilife.com\/blog\/wp-content\/uploads\/2020\/08\/one_c_mix_box_sm.png 400w, https:\/\/myomnilife.com\/blog\/wp-content\/uploads\/2020\/08\/one_c_mix_box_sm-300x300.png 300w, https:\/\/myomnilife.com\/blog\/wp-content\/uploads\/2020\/08\/one_c_mix_box_sm-150x150.png 150w\" sizes=\"auto, (max-width: 400px) 100vw, 400px\" \/><\/figure><div class=\"wp-block-media-text__content\">\n<p class=\"has-small-font-size\"><strong>One C Mix:<\/strong> Producto nutricional sabor mango verde con glutati\u00f3n, vitaminas y minerales que colabora en proteger a las c\u00e9lulas de los radicales libres.<\/p>\n<\/div><\/div>\n<\/div><\/div>\n<\/div><\/div>\n<\/div><\/div>\n\n\n\n<p class=\"has-text-align-left has-primary-color has-text-color has-normal-font-size\">Ordene este sistema para fortalecer su sistema inmune por WhatsApp o Facebook Messenger haciendo click en el \u00edcono o escaneando el siguiente c\u00f3digo QR con la c\u00e1mara de su m\u00f3vil:<\/p>\n\n\n\n<div class=\"wp-block-group\"><div class=\"wp-block-group__inner-container is-layout-flow wp-block-group-is-layout-flow\">\n<div class=\"wp-block-group\"><div class=\"wp-block-group__inner-container is-layout-flow wp-block-group-is-layout-flow\">\n<div class=\"wp-block-columns is-layout-flex wp-container-core-columns-is-layout-9d6595d7 wp-block-columns-is-layout-flex\">\n<div class=\"wp-block-column is-vertically-aligned-top is-layout-flow wp-block-column-is-layout-flow\">\n<div class=\"wp-block-image is-style-default\"><figure class=\"aligncenter size-large is-resized\"><a href=\"https:\/\/wa.me\/message\/EDWHO3T77ATAM1\" target=\"_blank\" rel=\"noopener noreferrer\"><img loading=\"lazy\" decoding=\"async\" src=\"https:\/\/myomnilife.com\/blog\/wp-content\/uploads\/2020\/08\/whatsapp_icon.png\" alt=\"Ordene por Whatsapp\" class=\"wp-image-87\" width=\"133\" height=\"133\" srcset=\"https:\/\/myomnilife.com\/blog\/wp-content\/uploads\/2020\/08\/whatsapp_icon.png 597w, https:\/\/myomnilife.com\/blog\/wp-content\/uploads\/2020\/08\/whatsapp_icon-300x300.png 300w, https:\/\/myomnilife.com\/blog\/wp-content\/uploads\/2020\/08\/whatsapp_icon-150x150.png 150w\" sizes=\"auto, (max-width: 133px) 100vw, 133px\" \/><\/a><figcaption>WhatsApp<\/figcaption><\/figure><\/div>\n<\/div>\n\n\n\n<div class=\"wp-block-column is-layout-flow wp-block-column-is-layout-flow\">\n<div class=\"wp-block-image is-style-default\"><figure class=\"aligncenter size-large is-resized\"><a href=\"https:\/\/m.me\/myomnilifecom\" target=\"_blank\" rel=\"noopener noreferrer\"><img loading=\"lazy\" decoding=\"async\" src=\"https:\/\/myomnilife.com\/blog\/wp-content\/uploads\/2020\/08\/messenger_logo_sm.png\" alt=\"Facebook Messenger\" class=\"wp-image-243\" width=\"104\" height=\"104\" srcset=\"https:\/\/myomnilife.com\/blog\/wp-content\/uploads\/2020\/08\/messenger_logo_sm.png 512w, https:\/\/myomnilife.com\/blog\/wp-content\/uploads\/2020\/08\/messenger_logo_sm-300x300.png 300w, https:\/\/myomnilife.com\/blog\/wp-content\/uploads\/2020\/08\/messenger_logo_sm-150x150.png 150w\" sizes=\"auto, (max-width: 104px) 100vw, 104px\" \/><\/a><figcaption><br>Facebook Messenger<\/figcaption><\/figure><\/div>\n<\/div>\n<\/div>\n<\/div><\/div>\n\n\n\n<div class=\"wp-block-image is-style-default\"><figure class=\"aligncenter size-large is-resized\"><a href=\"https:\/\/wa.me\/message\/EDWHO3T77ATAM1\"><img loading=\"lazy\" decoding=\"async\" src=\"https:\/\/myomnilife.com\/blog\/wp-content\/uploads\/2020\/08\/whatsapp_link-1009x1024.jpeg\" alt=\"\" class=\"wp-image-88\" width=\"287\" height=\"292\" srcset=\"https:\/\/myomnilife.com\/blog\/wp-content\/uploads\/2020\/08\/whatsapp_link-1009x1024.jpeg 1009w, https:\/\/myomnilife.com\/blog\/wp-content\/uploads\/2020\/08\/whatsapp_link-295x300.jpeg 295w, https:\/\/myomnilife.com\/blog\/wp-content\/uploads\/2020\/08\/whatsapp_link-768x780.jpeg 768w, https:\/\/myomnilife.com\/blog\/wp-content\/uploads\/2020\/08\/whatsapp_link-1200x1218.jpeg 1200w, https:\/\/myomnilife.com\/blog\/wp-content\/uploads\/2020\/08\/whatsapp_link.jpeg 1374w\" sizes=\"auto, (max-width: 287px) 100vw, 287px\" \/><\/a><figcaption>Escanee este c\u00f3digo QR con su c\u00e1mara m\u00f3vil o haga click en WhatsApp.<br><br>Estamos para servirle!<\/figcaption><\/figure><\/div>\n\n\n\n<p class=\"has-text-align-center has-small-font-size\"><strong>MyOmnilife.com es un Distribuidor Mercantil Independiente Omnilife<\/strong><\/p>\n\n\n\n<div class=\"wp-block-image is-style-default\"><figure class=\"aligncenter size-large is-resized\"><img loading=\"lazy\" decoding=\"async\" src=\"https:\/\/myomnilife.com\/blog\/wp-content\/uploads\/2020\/08\/distribuidor_independiente_omnilife-1.png\" alt=\"\" class=\"wp-image-133\" width=\"110\" height=\"110\" srcset=\"https:\/\/myomnilife.com\/blog\/wp-content\/uploads\/2020\/08\/distribuidor_independiente_omnilife-1.png 350w, https:\/\/myomnilife.com\/blog\/wp-content\/uploads\/2020\/08\/distribuidor_independiente_omnilife-1-300x300.png 300w, https:\/\/myomnilife.com\/blog\/wp-content\/uploads\/2020\/08\/distribuidor_independiente_omnilife-1-150x150.png 150w\" sizes=\"auto, (max-width: 110px) 100vw, 110px\" \/><\/figure><\/div>\n\n\n\n<p class=\"has-text-align-center has-small-font-size\"><sub>Estas declaraciones no han sido evaluadas por la Administraci\u00f3n de Drogas y Alimentos de los Estados Unidos (FDA).<\/sub><br><sub>Estos productos no est\u00e1n destinados a diagnosticar, tratar, curar o prevenir ninguna enfermedad.<\/sub><\/p>\n<\/div><\/div>\n","protected":false},"excerpt":{"rendered":"<p>Tu sistema inmunitario est\u00e1 constantemente activo, tratando de identificar las c\u00e9lulas qu\u00e9 pertenecen a tu cuerpo y cu\u00e1les no. Pero el sistema de defensa a veces falla y alg\u00fan germen, bacteria o virus invade con \u00e9xito tu cuerpo y te enferma. Esto significa que el sistema inmunitario necesita una dosis<\/p>\n","protected":false},"author":1,"featured_media":283,"parent":0,"menu_order":0,"comment_status":"open","ping_status":"open","template":"templates\/template-full-width.php","meta":{"footnotes":""},"class_list":["post-2","page","type-page","status-publish","has-post-thumbnail","hentry"],"yoast_head":"<!-- This site is optimized with the Yoast SEO Premium plugin v14.8 - https:\/\/yoast.com\/wordpress\/plugins\/seo\/ -->\n<title>Fortalece Tu Sistema Inmune - MyOmnilife.com \/Blog<\/title>\n<meta name=\"robots\" content=\"index, follow\" \/>\n<meta name=\"googlebot\" content=\"index, follow, max-snippet:-1, max-image-preview:large, max-video-preview:-1\" \/>\n<meta name=\"bingbot\" content=\"index, follow, max-snippet:-1, max-image-preview:large, max-video-preview:-1\" \/>\n<link rel=\"canonical\" href=\"https:\/\/myomnilife.com\/blog\/fortalece-tu-sistema-inmune\/\" \/>\n<meta property=\"og:locale\" content=\"en_US\" \/>\n<meta property=\"og:type\" content=\"article\" \/>\n<meta property=\"og:title\" content=\"Fortalece Tu Sistema Inmune - MyOmnilife.com \/Blog\" \/>\n<meta property=\"og:description\" content=\"Tu sistema inmunitario est\u00e1 constantemente activo, tratando de identificar las c\u00e9lulas qu\u00e9 pertenecen a tu cuerpo y cu\u00e1les no. Pero el sistema de defensa a veces falla y alg\u00fan germen, bacteria o virus invade con \u00e9xito tu cuerpo y te enferma. Esto significa que el sistema inmunitario necesita una dosis\" \/>\n<meta property=\"og:url\" content=\"https:\/\/myomnilife.com\/blog\/fortalece-tu-sistema-inmune\/\" \/>\n<meta property=\"og:site_name\" content=\"MyOmnilife.com \/Blog\" \/>\n<meta property=\"article:publisher\" content=\"https:\/\/www.facebook.com\/myomnilifecom\" \/>\n<meta property=\"article:modified_time\" content=\"2020-08-29T07:01:00+00:00\" \/>\n<meta property=\"og:image\" content=\"https:\/\/myomnilife.com\/blog\/wp-content\/uploads\/2020\/08\/immune_system_main_bg_opt.jpg\" \/>\n\t<meta property=\"og:image:width\" content=\"956\" \/>\n\t<meta property=\"og:image:height\" content=\"391\" \/>\n<meta name=\"twitter:card\" content=\"summary_large_image\" \/>\n<meta name=\"twitter:creator\" content=\"@realMyOmnilife\" \/>\n<meta name=\"twitter:site\" content=\"@realMyOmnilife\" \/>\n<script type=\"application\/ld+json\" class=\"yoast-schema-graph\">{\"@context\":\"https:\/\/schema.org\",\"@graph\":[{\"@type\":\"Organization\",\"@id\":\"https:\/\/myomnilife.com\/blog\/#organization\",\"name\":\"MyOmnilife\",\"url\":\"https:\/\/myomnilife.com\/blog\/\",\"sameAs\":[\"https:\/\/www.facebook.com\/myomnilifecom\",\"https:\/\/www.instagram.com\/realmyomnilife\/\",\"https:\/\/www.pinterest.com\/realmyomnilife\/\",\"https:\/\/twitter.com\/realMyOmnilife\"],\"logo\":{\"@type\":\"ImageObject\",\"@id\":\"https:\/\/myomnilife.com\/blog\/#logo\",\"inLanguage\":\"en-US\",\"url\":\"https:\/\/myomnilife.com\/blog\/wp-content\/uploads\/2020\/08\/myomnilife_logo_site.png\",\"width\":1461,\"height\":293,\"caption\":\"MyOmnilife\"},\"image\":{\"@id\":\"https:\/\/myomnilife.com\/blog\/#logo\"}},{\"@type\":\"WebSite\",\"@id\":\"https:\/\/myomnilife.com\/blog\/#website\",\"url\":\"https:\/\/myomnilife.com\/blog\/\",\"name\":\"MyOmnilife\",\"description\":\"Salud y Prosperidad\",\"publisher\":{\"@id\":\"https:\/\/myomnilife.com\/blog\/#organization\"},\"potentialAction\":[{\"@type\":\"SearchAction\",\"target\":\"https:\/\/myomnilife.com\/blog\/?s={search_term_string}\",\"query-input\":\"required name=search_term_string\"}],\"inLanguage\":\"en-US\"},{\"@type\":\"ImageObject\",\"@id\":\"https:\/\/myomnilife.com\/blog\/fortalece-tu-sistema-inmune\/#primaryimage\",\"inLanguage\":\"en-US\",\"url\":\"https:\/\/myomnilife.com\/blog\/wp-content\/uploads\/2020\/08\/immune_system_main_bg_opt.jpg\",\"width\":956,\"height\":391,\"caption\":\"Vida feliz con un sistema inmune fuerte\"},{\"@type\":\"WebPage\",\"@id\":\"https:\/\/myomnilife.com\/blog\/fortalece-tu-sistema-inmune\/#webpage\",\"url\":\"https:\/\/myomnilife.com\/blog\/fortalece-tu-sistema-inmune\/\",\"name\":\"Fortalece Tu Sistema Inmune - MyOmnilife.com \/Blog\",\"isPartOf\":{\"@id\":\"https:\/\/myomnilife.com\/blog\/#website\"},\"primaryImageOfPage\":{\"@id\":\"https:\/\/myomnilife.com\/blog\/fortalece-tu-sistema-inmune\/#primaryimage\"},\"datePublished\":\"2020-08-17T05:21:08+00:00\",\"dateModified\":\"2020-08-29T07:01:00+00:00\",\"breadcrumb\":{\"@id\":\"https:\/\/myomnilife.com\/blog\/fortalece-tu-sistema-inmune\/#breadcrumb\"},\"inLanguage\":\"en-US\",\"potentialAction\":[{\"@type\":\"ReadAction\",\"target\":[\"https:\/\/myomnilife.com\/blog\/fortalece-tu-sistema-inmune\/\"]}]},{\"@type\":\"BreadcrumbList\",\"@id\":\"https:\/\/myomnilife.com\/blog\/fortalece-tu-sistema-inmune\/#breadcrumb\",\"itemListElement\":[{\"@type\":\"ListItem\",\"position\":1,\"item\":{\"@type\":\"WebPage\",\"@id\":\"https:\/\/myomnilife.com\/blog\/\",\"url\":\"https:\/\/myomnilife.com\/blog\/\",\"name\":\"Home\"}},{\"@type\":\"ListItem\",\"position\":2,\"item\":{\"@type\":\"WebPage\",\"@id\":\"https:\/\/myomnilife.com\/blog\/fortalece-tu-sistema-inmune\/\",\"url\":\"https:\/\/myomnilife.com\/blog\/fortalece-tu-sistema-inmune\/\",\"name\":\"Fortalece Tu Sistema Inmune\"}}]}]}<\/script>\n<!-- \/ Yoast SEO Premium plugin. -->","_links":{"self":[{"href":"https:\/\/myomnilife.com\/blog\/wp-json\/wp\/v2\/pages\/2","targetHints":{"allow":["GET"]}}],"collection":[{"href":"https:\/\/myomnilife.com\/blog\/wp-json\/wp\/v2\/pages"}],"about":[{"href":"https:\/\/myomnilife.com\/blog\/wp-json\/wp\/v2\/types\/page"}],"author":[{"embeddable":true,"href":"https:\/\/myomnilife.com\/blog\/wp-json\/wp\/v2\/users\/1"}],"replies":[{"embeddable":true,"href":"https:\/\/myomnilife.com\/blog\/wp-json\/wp\/v2\/comments?post=2"}],"version-history":[{"count":52,"href":"https:\/\/myomnilife.com\/blog\/wp-json\/wp\/v2\/pages\/2\/revisions"}],"predecessor-version":[{"id":246,"href":"https:\/\/myomnilife.com\/blog\/wp-json\/wp\/v2\/pages\/2\/revisions\/246"}],"wp:featuredmedia":[{"embeddable":true,"href":"https:\/\/myomnilife.com\/blog\/wp-json\/wp\/v2\/media\/283"}],"wp:attachment":[{"href":"https:\/\/myomnilife.com\/blog\/wp-json\/wp\/v2\/media?parent=2"}],"curies":[{"name":"wp","href":"https:\/\/api.w.org\/{rel}","templated":true}]}}